{"id":7,"date":"2018-11-26T12:45:57","date_gmt":"2018-11-26T10:45:57","guid":{"rendered":"http:\/\/www.cd-lovrenc.si\/zgodovina\/"},"modified":"2020-10-23T19:33:37","modified_gmt":"2020-10-23T17:33:37","slug":"zgodovina","status":"publish","type":"page","link":"https:\/\/www.cd-lovrenc.si\/sl\/zgodovina\/","title":{"rendered":"Zgodovina"},"content":{"rendered":"<div data-elementor-type=\"wp-post\" data-elementor-id=\"7\" class=\"elementor elementor-7\">\n\t\t\t\t\t\t<div class=\"elementor-inner\">\n\t\t\t\t<div class=\"elementor-section-wrap\">\n\t\t\t\t\t\t\t\t\t<section class=\"elementor-section elementor-top-section elementor-element elementor-element-5d22220 elementor-section-content-middle elementor-section-boxed elementor-section-height-default elementor-section-height-default\" data-id=\"5d22220\" data-element_type=\"section\" data-settings=\"{&quot;background_background&quot;:&quot;classic&quot;}\">\n\t\t\t\t\t\t\t<div class=\"elementor-background-overlay\"><\/div>\n\t\t\t\t\t\t\t<div class=\"elementor-container elementor-column-gap-default\">\n\t\t\t\t\t\t\t<div class=\"elementor-row\">\n\t\t\t\t\t<div class=\"elementor-column elementor-col-100 elementor-top-column elementor-element elementor-element-56e190b\" data-id=\"56e190b\" data-element_type=\"column\">\n\t\t\t<div class=\"elementor-column-wrap elementor-element-populated\">\n\t\t\t\t\t\t\t<div class=\"elementor-widget-wrap\">\n\t\t\t\t\t\t<div class=\"elementor-element elementor-element-bf7dacb elementor-widget elementor-widget-heading\" data-id=\"bf7dacb\" data-element_type=\"widget\" data-widget_type=\"heading.default\">\n\t\t\t\t<div class=\"elementor-widget-container\">\n\t\t\t<h2 class=\"elementor-heading-title elementor-size-xl\">Zgodovina<\/h2>\t\t<\/div>\n\t\t\t\t<\/div>\n\t\t\t\t\t\t<\/div>\n\t\t\t\t\t<\/div>\n\t\t<\/div>\n\t\t\t\t\t\t\t\t<\/div>\n\t\t\t\t\t<\/div>\n\t\t<\/section>\n\t\t\t\t<section class=\"elementor-section elementor-top-section elementor-element elementor-element-32db481a elementor-section-boxed elementor-section-height-default elementor-section-height-default\" data-id=\"32db481a\" data-element_type=\"section\">\n\t\t\t\t\t\t<div class=\"elementor-container elementor-column-gap-default\">\n\t\t\t\t\t\t\t<div class=\"elementor-row\">\n\t\t\t\t\t<div class=\"elementor-column elementor-col-100 elementor-top-column elementor-element elementor-element-b5954e5\" data-id=\"b5954e5\" data-element_type=\"column\">\n\t\t\t<div class=\"elementor-column-wrap elementor-element-populated\">\n\t\t\t\t\t\t\t<div class=\"elementor-widget-wrap\">\n\t\t\t\t\t\t<div class=\"elementor-element elementor-element-3b6acd12 elementor-widget elementor-widget-text-editor\" data-id=\"3b6acd12\" data-element_type=\"widget\" data-widget_type=\"text-editor.default\">\n\t\t\t\t<div class=\"elementor-widget-container\">\n\t\t\t\t\t\t\t\t<div class=\"elementor-text-editor elementor-clearfix\">\n\t\t\t\t<h4>\u010cebelarsko dru\u0161tvo Lovrenc na Pohorju je dru\u0161tvo \u010debelarjev s sede\u017eem v kraju Lovrenc na Pohorju, ustanovljeno leta 1921.<\/h4>\n<p>\u010cebelarstvo je bilo na vsaki lovren\u0161ki kmetiji \u017ee stoletja nazaj, saj je okolica kraja idealna za \u010debelarjenje, potrebe po strdi in vosku pa so prisotne \u017ee od prvih poselitev kraja, posebej pa od prihoda Benediktincev, davnega leta 1091. Brez \u010debel ni bilo \u010debeljega voska, ki so ga potrebovali v cerkvah. Legenda pravi, da so se prebivalci Lovrenca in okoli\u0161kih krajev ubranili s \u010debelami pred tur\u0161kimi vpadi. S Falske pe\u010di so namre\u010d valili na tur\u0161ko konjenico, v ozkem prehodu med skalami in reko Dravo, \u010debelje panje iz izdolbenih debel in tako napadalce s pomo\u010djo \u010debel pognali s konji vred v reko.<\/p>\n<p>Do 20. stoletja so prebivalci \u010debelarili, le \u010de so imeli za to pogoje. Leta 1903 je bilo ustanovljeno Slovensko \u010debelarsko dru\u0161tvo za Spodnjo \u0160tajersko. Posamezni \u010debelarji so sodelovali in se tudi udele\u017eevali \u010debelarskih sre\u010danj in razstav.<\/p>\n<p>Po prvi svetovni vojni so se \u010debelarji po vsej Sloveniji hitro organizirali, saj so le tako dobili neobdav\u010den sladkor za \u010debele. Kot letnico ustanovitve podru\u017enice v Lovrencu bele\u017eimo leto 1921. \u010clani dru\u0161tva so \u017ee od za\u010detka bili aktivni. V glasilu Slovenski \u010debelar iz leta 1922, je bilo obvestilo, da bo podru\u017enica Lovrenc na Pohorju izvedla strokovna predavanja v Lovrencu na Pohorju, Breznu ob Dravi in Ribnici na Pohorju.<\/p>\n<p>Ambicije lovren\u0161kih \u010debelarjev so segale v \u0161ir\u0161i prostor slovenske \u0160tajerske in tudi Koro\u0161ke, saj so predlagali ustanovitev zveze podru\u017enic in trgovine s \u010debelarsko opremo v Mariboru<\/p>\n<p>Druga svetovna vojna je prekinila organizirano delo \u010debelarske organizacije. Po vojni sta bili aktivirani samo dve \u010debelarski dru\u017eini, ki sta se kasneje zdru\u017eili. Tako se je la\u017eje organiziralo sistemati\u010dno delo na podro\u010dju izobra\u017eevanje, nabave zdravil, krme za \u010debele, strokovne literature, organiziranja strokovnih ekskurzij in podobno.<\/p>\n<p>Leta 1954 so najbolj zagnani \u010debelarji ustanovili plemenilno postajo za matice pri Lamprehtu pod Klopnim vrhom. Z obse\u017enej\u0161o gojitvijo matic so se takrat ukvarjali: dr. Lojze Ti\u010dar, Anton in Marija Oder, Roman Planin\u0161i\u010d, Maks Kotnik, Jo\u017ee Kajzer in Julijus Pokorny, ki je bil vodja te ekipe. V tistem \u010dasu je vozil \u010debele k Hojniku na pa\u0161o tudi Kirar, znani vele\u010debelar, ki ga \u0161e danes poznamo po malih in velikih Kirarjevih panjih.<\/p>\n<p>Ob praznovanju 900 obletnice Lovrenca je dru\u0161tvo v Lovrencu organiziralo sre\u010danje mladih \u010debelarjev Slovenije, pod vodstvom Mihe \u0160laus. Druga prelomnica za dru\u0161tvo je bila leta 1996, ko je bil pod vodstvom takratne predsednice dru\u0161tva Margarete Ka\u010di\u010d zgrajen in odprt \u010debelarski dom.<\/p>\t\t\t\t\t<\/div>\n\t\t\t\t\t\t<\/div>\n\t\t\t\t<\/div>\n\t\t\t\t\t\t<\/div>\n\t\t\t\t\t<\/div>\n\t\t<\/div>\n\t\t\t\t\t\t\t\t<\/div>\n\t\t\t\t\t<\/div>\n\t\t<\/section>\n\t\t\t\t<section class=\"elementor-section elementor-top-section elementor-element elementor-element-2e25d63 elementor-section-boxed elementor-section-height-default elementor-section-height-default\" data-id=\"2e25d63\" data-element_type=\"section\">\n\t\t\t\t\t\t<div class=\"elementor-container elementor-column-gap-default\">\n\t\t\t\t\t\t\t<div class=\"elementor-row\">\n\t\t\t\t\t<div class=\"elementor-column elementor-col-100 elementor-top-column elementor-element elementor-element-82a2227\" data-id=\"82a2227\" data-element_type=\"column\">\n\t\t\t<div class=\"elementor-column-wrap elementor-element-populated\">\n\t\t\t\t\t\t\t<div class=\"elementor-widget-wrap\">\n\t\t\t\t\t\t<div class=\"elementor-element elementor-element-3c4b23f elementor-widget elementor-widget-image\" data-id=\"3c4b23f\" data-element_type=\"widget\" data-widget_type=\"image.default\">\n\t\t\t\t<div class=\"elementor-widget-container\">\n\t\t\t\t\t\t\t\t<div class=\"elementor-image\">\n\t\t\t\t\t\t\t\t\t<figure class=\"wp-caption\">\n\t\t\t\t\t\t\t\t\t\t<img decoding=\"async\" width=\"799\" height=\"600\" src=\"https:\/\/www.cd-lovrenc.si\/wp-content\/uploads\/2020\/10\/dom-1-1.jpg\" class=\"attachment-large size-large wp-image-874\" alt=\"\u010cebelarski dom\" loading=\"lazy\" srcset=\"https:\/\/www.cd-lovrenc.si\/wp-content\/uploads\/2020\/10\/dom-1-1.jpg 799w, https:\/\/www.cd-lovrenc.si\/wp-content\/uploads\/2020\/10\/dom-1-1-300x225.jpg 300w, https:\/\/www.cd-lovrenc.si\/wp-content\/uploads\/2020\/10\/dom-1-1-768x577.jpg 768w\" sizes=\"(max-width: 799px) 100vw, 799px\" \/>\t\t\t\t\t\t\t\t\t\t\t<figcaption class=\"widget-image-caption wp-caption-text\">\u010cebelarski dom danes<\/figcaption>\n\t\t\t\t\t\t\t\t\t\t<\/figure>\n\t\t\t\t\t\t\t\t<\/div>\n\t\t\t\t\t\t<\/div>\n\t\t\t\t<\/div>\n\t\t\t\t\t\t<\/div>\n\t\t\t\t\t<\/div>\n\t\t<\/div>\n\t\t\t\t\t\t\t\t<\/div>\n\t\t\t\t\t<\/div>\n\t\t<\/section>\n\t\t\t\t\t\t\t\t\t<\/div>\n\t\t\t<\/div>\n\t\t\t\t\t<\/div>","protected":false},"excerpt":{"rendered":"<p>Zgodovina \u010cebelarsko dru\u0161tvo Lovrenc na Pohorju je dru\u0161tvo \u010debelarjev s sede\u017eem v kraju Lovrenc na Pohorju, ustanovljeno leta 1921. \u010cebelarstvo je bilo na vsaki lovren\u0161ki kmetiji \u017ee stoletja nazaj, saj je okolica kraja idealna za \u010debelarjenje, potrebe po strdi in vosku pa so prisotne \u017ee od prvih poselitev kraja, posebej pa od prihoda Benediktincev, davnega &hellip;<\/p>\n<p class=\"read-more\"> <a class=\"\" href=\"https:\/\/www.cd-lovrenc.si\/sl\/zgodovina\/\"> <span class=\"screen-reader-text\">Zgodovina<\/span> Read More &raquo;<\/a><\/p>","protected":false},"author":1,"featured_media":0,"parent":0,"menu_order":0,"comment_status":"closed","ping_status":"closed","template":"","meta":{"ngg_post_thumbnail":0},"_links":{"self":[{"href":"https:\/\/www.cd-lovrenc.si\/sl\/wp-json\/wp\/v2\/pages\/7"}],"collection":[{"href":"https:\/\/www.cd-lovrenc.si\/sl\/wp-json\/wp\/v2\/pages"}],"about":[{"href":"https:\/\/www.cd-lovrenc.si\/sl\/wp-json\/wp\/v2\/types\/page"}],"author":[{"embeddable":true,"href":"https:\/\/www.cd-lovrenc.si\/sl\/wp-json\/wp\/v2\/users\/1"}],"replies":[{"embeddable":true,"href":"https:\/\/www.cd-lovrenc.si\/sl\/wp-json\/wp\/v2\/comments?post=7"}],"version-history":[{"count":10,"href":"https:\/\/www.cd-lovrenc.si\/sl\/wp-json\/wp\/v2\/pages\/7\/revisions"}],"predecessor-version":[{"id":987,"href":"https:\/\/www.cd-lovrenc.si\/sl\/wp-json\/wp\/v2\/pages\/7\/revisions\/987"}],"wp:attachment":[{"href":"https:\/\/www.cd-lovrenc.si\/sl\/wp-json\/wp\/v2\/media?parent=7"}],"curies":[{"name":"wp","href":"https:\/\/api.w.org\/{rel}","templated":true}]}}